{"id":1260,"date":"2025-03-20T08:12:17","date_gmt":"2025-03-20T08:12:17","guid":{"rendered":"https:\/\/trifasic.io\/inicio\/"},"modified":"2025-06-30T12:43:36","modified_gmt":"2025-06-30T12:43:36","slug":"inicio","status":"publish","type":"page","link":"https:\/\/trifasic.io\/es\/","title":{"rendered":"Inicio"},"content":{"rendered":"\n<div class=\"wp-block-uagb-container uagb-block-5fe6a32d alignfull uagb-is-root-container\"><div class=\"uagb-container-inner-blocks-wrap\">\n<header class=\"wp-block-uagb-advanced-heading uagb-block-739ef4ec\"><h1 class=\"uagb-heading-text\">Estrategia y comunicaci\u00f3n digital<\/h1><\/header>\n\n\n\n<div class=\"wp-block-uagb-advanced-heading uagb-block-98e4bfaf\"><p class=\"uagb-desc-text\">\u00bfQuieres que tu negocio gane visibilidad online?<br\/><br\/>En Trif\u00e0sic ayudamos a marcas, empresas y profesionales a impulsar su presencia digital mediante estrategias de marketing y comunicaci\u00f3n a medida.<\/p><\/div>\n\n\n\n<div class=\"wp-block-uagb-icon-list uagb-block-f7b80507\"><div class=\"uagb-icon-list__wrap\">\n<div class=\"wp-block-uagb-icon-list-child uagb-block-ecc28047\"><a target=\"_self\" aria-label=\"Fes cr&#xE9;ixer el teu negoci amb Trif&#xE0;sic\" rel=\"noopener noreferrer\" href=\"#\"> <\/a><span class=\"uagb-icon-list__source-wrap\"><svg xmlns=\"https:\/\/www.w3.org\/2000\/svg\" viewbox=\"0 0 320 512\"><path d=\"M9.375 329.4c12.51-12.51 32.76-12.49 45.25 0L128 402.8V32c0-17.69 14.31-32 32-32s32 14.31 32 32v370.8l73.38-73.38c12.5-12.5 32.75-12.5 45.25 0s12.5 32.75 0 45.25l-128 128c-12.5 12.5-32.75 12.5-45.25 0l-128-128C-3.125 362.1-3.125 341.9 9.375 329.4z\"><\/path><\/svg><\/span><span class=\"uagb-icon-list__label\">Haz crecer tu negocio con Trif\u00e0sic.<\/span><\/div>\n<\/div><\/div>\n<\/div><\/div>\n\n<div class=\"wp-block-uagb-container uagb-block-9bdda066 alignfull uagb-is-root-container\"><div class=\"uagb-container-inner-blocks-wrap\">\n<div class=\"wp-block-uagb-advanced-heading uagb-block-46591901\"><h2 class=\"uagb-heading-text\">Qu\u00e9 hacemos<\/h2><\/div>\n\n\n\n<div class=\"wp-block-columns is-layout-flex wp-container-core-columns-is-layout-28f84493 wp-block-columns-is-layout-flex\">\n<div class=\"wp-block-column is-layout-flow wp-block-column-is-layout-flow\" style=\"flex-basis:100%\">\n<div class=\"wp-block-uagb-container uagb-layout-grid uagb-block-719b262e alignfull uagb-is-root-container\"><div class=\"uagb-container-inner-blocks-wrap\">\n<div class=\"wp-block-columns is-layout-flex wp-container-core-columns-is-layout-28f84493 wp-block-columns-is-layout-flex\">\n<div class=\"wp-block-column is-layout-flow wp-block-column-is-layout-flow\" style=\"flex-basis:100%\">\n<div class=\"wp-block-uagb-info-box uagb-block-0a9ff199 uagb-infobox__content-wrap  uagb-infobox-icon-above-title uagb-infobox-image-valign-top wp-block-uagb-info-box--has-margin\"><div class=\"uagb-infobox-margin-wrapper\"><div class=\"uagb-ifb-content\"><div class=\"uagb-ifb-title-wrap\"><h4 class=\"uagb-ifb-title\">Plan de acci\u00f3n digital<\/h4><\/div><p class=\"uagb-ifb-desc\">Analizamos d\u00f3nde est\u00e1s, visualizamos<br\/>a d\u00f3nde quieres llegar y definimos una<br\/>estrategia digital para hacer crecer <br\/>tu negocio con acciones clave, dise\u00f1adas <br\/>a medida y orientadas a resultados.<br\/><br\/><strong>Planificaci\u00f3n digital con impacto<\/strong>.<\/p><\/div><\/div><\/div>\n<\/div>\n<\/div>\n\n\n\n<div class=\"wp-block-uagb-info-box uagb-block-a50dcc77 uagb-infobox__content-wrap  uagb-infobox-icon-above-title uagb-infobox-image-valign-top\"><div class=\"uagb-ifb-content\"><div class=\"uagb-ifb-title-wrap\"><h4 class=\"uagb-ifb-title\">SEO y anal\u00edtica digital<\/h4><\/div><p class=\"uagb-ifb-desc\">Como expertas en posicionamiento,<br\/>comunicaci\u00f3n y anal\u00edtica, impulsamos tu<br\/>presencia online en buscadores, SGE y LLM.<br\/>El SEO y el an\u00e1lisis continuo de datos<br\/>son clave en una estrategia digital.<br\/><br\/><strong>Posicionamiento con resultados reales.<\/strong><\/p><\/div><\/div>\n\n\n\n<div class=\"wp-block-uagb-info-box uagb-block-42fd1048 uagb-infobox__content-wrap  uagb-infobox-icon-above-title uagb-infobox-image-valign-top\"><div class=\"uagb-ifb-content\"><div class=\"uagb-ifb-title-wrap\"><h4 class=\"uagb-ifb-title\">Estrategia y gesti\u00f3n de contenidos<\/h4><\/div><p class=\"uagb-ifb-desc\">Creamos contenidos relevantes \u00fatiles <br\/>y alineados con tu marca, productos o <br\/>servicios. Herramientas que generan visibilidad tanto en buscadores tradicionales como en los resultados generados por IA.<br\/><br\/><strong>Visbilidad con voz propia.<\/strong><\/p><\/div><\/div>\n<\/div><\/div>\n<\/div>\n<\/div>\n\n\n\n<div class=\"wp-block-uagb-buttons uagb-buttons__outer-wrap uagb-btn__default-btn uagb-btn-tablet__default-btn uagb-btn-mobile__default-btn uagb-block-3d520690\"><div class=\"uagb-buttons__wrap uagb-buttons-layout-wrap \">\n<div class=\"wp-block-uagb-buttons-child uagb-buttons__outer-wrap uagb-block-f2c3f2b9 wp-block-button\"><div class=\"uagb-button__wrapper\"><a class=\"uagb-buttons-repeater wp-block-button__link\" aria-label=\"\" href=\"https:\/\/trifasic.io\/serveis\/\" rel=\"follow noopener\" target=\"_self\" role=\"button\"><div class=\"uagb-button__link\">Inf\u00f3rmate de nuestros servicios<\/div><span class=\"uagb-button__icon uagb-button__icon-position-after\"><svg xmlns=\"https:\/\/www.w3.org\/2000\/svg\" viewbox=\"0 0 448 512\" aria-hidden=\"true\" focussable=\"false\"><path d=\"M438.6 278.6l-160 160C272.4 444.9 264.2 448 256 448s-16.38-3.125-22.62-9.375c-12.5-12.5-12.5-32.75 0-45.25L338.8 288H32C14.33 288 .0016 273.7 .0016 256S14.33 224 32 224h306.8l-105.4-105.4c-12.5-12.5-12.5-32.75 0-45.25s32.75-12.5 45.25 0l160 160C451.1 245.9 451.1 266.1 438.6 278.6z\"><\/path><\/svg><\/span><\/a><\/div><\/div>\n<\/div><\/div>\n<\/div><\/div>\n\n<div class=\"wp-block-uagb-container uagb-block-11b92386 alignfull uagb-is-root-container\"><div class=\"uagb-container-inner-blocks-wrap\">\n<div class=\"wp-block-uagb-advanced-heading uagb-block-9c86ab91\"><h2 class=\"uagb-heading-text\">Por qu\u00e9 trabajar con nosotras<\/h2><\/div>\n\n\n\n<div class=\"wp-block-columns is-layout-flex wp-container-core-columns-is-layout-28f84493 wp-block-columns-is-layout-flex\">\n<div class=\"wp-block-column is-layout-flow wp-block-column-is-layout-flow\">\n<div class=\"wp-block-columns is-layout-flex wp-container-core-columns-is-layout-28f84493 wp-block-columns-is-layout-flex\">\n<div class=\"wp-block-column is-vertically-aligned-center is-layout-flow wp-block-column-is-layout-flow\" style=\"flex-basis:33.33%\">\n<div class=\"wp-block-group is-layout-constrained wp-block-group-is-layout-constrained\">\n<div class=\"wp-block-uagb-info-box uagb-block-14f0d6de uagb-infobox__content-wrap  uagb-infobox-icon-above-title uagb-infobox-image-valign-top\"><div class=\"uagb-ifb-content\"><div class=\"uagb-ifb-title-wrap\"><h4 class=\"uagb-ifb-title\"><strong>Valoramos el poder de las palabras<\/strong><\/h4><\/div><p class=\"uagb-ifb-desc\">Venimos del periodismo y sabemos c\u00f3mo lograr que tu mensaje conecte, se posicione y convierta.<\/p><\/div><\/div>\n<\/div>\n\n\n\n<div class=\"wp-block-uagb-info-box uagb-block-9aa4f096 uagb-infobox__content-wrap  uagb-infobox-icon-above-title uagb-infobox-image-valign-top\"><div class=\"uagb-ifb-content\"><div class=\"uagb-ifb-title-wrap\"><h4 class=\"uagb-ifb-title\"><strong>Nos implicamos de verdad<\/strong><\/h4><\/div><p class=\"uagb-ifb-desc\">Te escuchamos, te acompa\u00f1amos y nos comprometemos  con transparencia, como si tu proyecto fuera nuestro.<\/p><\/div><\/div>\n<\/div>\n\n\n\n<div class=\"wp-block-column is-layout-flow wp-block-column-is-layout-flow\" style=\"flex-basis:33.33%\">\n<div class=\"wp-block-group is-layout-constrained wp-block-group-is-layout-constrained\">\n<div class=\"wp-block-uagb-info-box uagb-block-ee5be306 uagb-infobox__content-wrap  uagb-infobox-icon-above-title uagb-infobox-image-valign-top\"><div class=\"uagb-ifb-content\"><div class=\"uagb-ifb-title-wrap\"><h4 class=\"uagb-ifb-title\"><strong>Trabajamos a medida. Siempre<\/strong><\/h4><\/div><p class=\"uagb-ifb-desc\">Cada proyecto es \u00fanico, y por eso cada estrategia es diferente. Nos alejamos de enfoques est\u00e1ndar.<\/p><\/div><\/div>\n<\/div>\n\n\n\n<div class=\"wp-block-uagb-info-box uagb-block-478f8977 uagb-infobox__content-wrap  uagb-infobox-icon-above-title uagb-infobox-image-valign-top\"><div class=\"uagb-ifb-content\"><div class=\"uagb-ifb-title-wrap\"><h4 class=\"uagb-ifb-title\"><strong>Nos gusta cuidar el detalle<\/strong><\/h4><\/div><p class=\"uagb-ifb-desc\">Desde el tono de voz hasta el comportamiento del usuario. Nos fijamos en todo lo que puede marcar la diferencia.<\/p><\/div><\/div>\n<\/div>\n\n\n\n<div class=\"wp-block-column is-layout-flow wp-block-column-is-layout-flow\" style=\"flex-basis:33.33%\">\n<div class=\"wp-block-uagb-info-box uagb-block-55823a68 uagb-infobox__content-wrap  uagb-infobox-icon-above-title uagb-infobox-image-valign-top\"><div class=\"uagb-ifb-content\"><div class=\"uagb-ifb-title-wrap\"><h4 class=\"uagb-ifb-title\"><strong>Combinamos SEO, IA y anal\u00edtica<\/strong><\/h4><\/div><p class=\"uagb-ifb-desc\">Optimizamos para buscadores, IA y usuarios con criterio e intenci\u00f3n. Medimos cada paso para mejorar y alcanzar tus objetivos.<\/p><\/div><\/div>\n\n\n\n<div class=\"wp-block-uagb-info-box uagb-block-06fc895f uagb-infobox__content-wrap  uagb-infobox-icon-above-title uagb-infobox-image-valign-top\"><div class=\"uagb-ifb-content\"><div class=\"uagb-ifb-title-wrap\"><h4 class=\"uagb-ifb-title\"><strong>Ser peque\u00f1as nos hace grandes.<strong><\/strong><\/strong><\/h4><\/div><p class=\"uagb-ifb-desc\">La proximidad y el trato personalizado con cada cliente forman parte de nuestra manera de trabajar. Y esto se nota.<\/p><\/div><\/div>\n<\/div>\n<\/div>\n<\/div>\n<\/div>\n<\/div><\/div>\n\n<div class=\"wp-block-uagb-container uagb-block-db2d419d alignfull uagb-is-root-container\"><div class=\"uagb-container-inner-blocks-wrap\">\n<div class=\"wp-block-uagb-container uagb-layout-grid uagb-block-964d8b67\">\n<div class=\"wp-block-group is-layout-constrained wp-block-group-is-layout-constrained\">\n<div class=\"wp-block-uagb-info-box uagb-block-f88e0df1 uagb-infobox__content-wrap  uagb-infobox-icon-above-title uagb-infobox-image-valign-top wp-block-uagb-info-box--has-margin\"><div class=\"uagb-infobox-margin-wrapper\"><div class=\"uagb-ifb-content\"><div class=\"uagb-ifb-title-wrap\"><h3 class=\"uagb-ifb-title\">\u00bfTienes un proyecto <br\/> y no sabes por d\u00f3nde empezar?<\/h3><\/div><p class=\"uagb-ifb-desc\">Nos encantar\u00eda escucharte. H\u00e1blanos de tu negocio y juntos lo haremos crecer.<\/p><div class=\"uagb-ifb-button-wrapper wp-block-button\"><a href=\"https:\/\/trifasic.io\/contact\/\" class=\"uagb-infobox-cta-link wp-block-button__link\" target=\"_self\" rel=\"noopener noreferrer\" onclick=\"return true;\"><span class=\"uagb-inline-editing\">\u00bfHablamos?<\/span><svg xmlns=\"https:\/\/www.w3.org\/2000\/svg\" viewbox=\"0 0 512 512\"><path d=\"M502.6 278.6l-128 128c-12.51 12.51-32.76 12.49-45.25 0c-12.5-12.5-12.5-32.75 0-45.25L402.8 288H32C14.31 288 0 273.7 0 255.1S14.31 224 32 224h370.8l-73.38-73.38c-12.5-12.5-12.5-32.75 0-45.25s32.75-12.5 45.25 0l128 128C515.1 245.9 515.1 266.1 502.6 278.6z\"><\/path><\/svg><\/a><\/div><\/div><\/div><\/div>\n<\/div>\n\n\n\n<div class=\"wp-block-uagb-image alignright uagb-block-1ecf927d wp-block-uagb-image--layout-default wp-block-uagb-image--effect-static wp-block-uagb-image--align-right\"><figure class=\"wp-block-uagb-image__figure\"><img decoding=\"async\" srcset=\"https:\/\/trifasic.io\/wp-content\/uploads\/2021\/05\/cta-img.jpg ,https:\/\/trifasic.io\/wp-content\/uploads\/2021\/05\/cta-img.jpg 780w\" sizes=\"auto, (max-width: 480px) 150px\" src=\"https:\/\/trifasic.io\/wp-content\/uploads\/2021\/05\/cta-img.jpg\" alt=\"\" class=\"uag-image-69\" width=\"505\" height=\"500\" title=\"\" loading=\"lazy\" role=\"img\"\/><\/figure><\/div>\n<\/div>\n\n\n\n<div class=\"wp-block-uagb-container uagb-layout-grid uagb-block-3e7a0fa1\">\n<div class=\"wp-block-uagb-advanced-heading uagb-block-165a3982\"><h2 class=\"uagb-heading-text\">Impulsamos tu negocio con una estrategia digital hecha para ti<\/h2><\/div>\n\n\n\n<div class=\"wp-block-uagb-advanced-heading uagb-block-0d1db6a6\"><p class=\"uagb-desc-text\">Te escuchamos, analizamos y actuamos. Trabajamos para que tu marca conecte, gane visibilidad y se consolide online. Y lo hacemos con una estrategia de <strong>posicionamiento web<\/strong> clara, eficaz y 100% adaptada a tu proyecto.<\/p><\/div>\n<\/div>\n<\/div><\/div>\n\n<div class=\"wp-block-uagb-container uag-blocks-common-selector uagb-layout-grid uagb-block-ff10cdc8 alignfull uagb-is-root-container\"><div class=\"uagb-container-inner-blocks-wrap\">\n<div class=\"wp-block-uagb-advanced-heading uagb-block-830e6177\"><h2 class=\"uagb-heading-text\">Clientes que han confiado en nosotras<\/h2><\/div>\n\n\n\n<div class=\"wp-block-group is-layout-constrained wp-block-group-is-layout-constrained\">\n<div class=\"wp-block-uagb-container uagb-block-78bb56bf alignfull uagb-is-root-container\"><div class=\"uagb-container-inner-blocks-wrap\">\n<figure class=\"wp-block-image size-large is-resized\"><img loading=\"lazy\" decoding=\"async\" width=\"1024\" height=\"355\" src=\"https:\/\/trifasic.io\/wp-content\/uploads\/2025\/03\/borges-1024x355.png\" alt=\"\" class=\"wp-image-822\" style=\"width:184px;height:auto\"\/><\/figure>\n\n\n\n<figure class=\"wp-block-image size-full is-resized\"><img decoding=\"async\" src=\"https:\/\/trifasic.io\/wp-content\/uploads\/2025\/03\/sifu.png\" alt=\"\" class=\"wp-image-827\" style=\"width:170px;height:auto\"\/><\/figure>\n\n\n\n<div class=\"wp-block-uagb-image aligncenter uagb-block-4612d432 wp-block-uagb-image--layout-default wp-block-uagb-image--effect-static wp-block-uagb-image--align-center\"><figure class=\"wp-block-uagb-image__figure\"><img decoding=\"async\" srcset=\"https:\/\/trifasic.io\/wp-content\/uploads\/2025\/03\/gebro-pharma.webp ,https:\/\/trifasic.io\/wp-content\/uploads\/2025\/03\/gebro-pharma.webp 780w, https:\/\/trifasic.io\/wp-content\/uploads\/2025\/03\/gebro-pharma.webp 360w\" sizes=\"auto, (max-width: 480px) 150px\" src=\"https:\/\/trifasic.io\/wp-content\/uploads\/2025\/03\/gebro-pharma.webp\" alt=\"Gebro Pharma logo client de Trif\u00e0sic SEO\" class=\"uag-image-817\" width=\"221\" height=\"98\" title=\"gebro-pharma\" loading=\"lazy\" role=\"img\"\/><\/figure><\/div>\n\n\n\n<div class=\"wp-block-uagb-image aligncenter uagb-block-31a34fcf wp-block-uagb-image--layout-default wp-block-uagb-image--effect-static wp-block-uagb-image--align-center\"><figure class=\"wp-block-uagb-image__figure\"><img decoding=\"async\" srcset=\"https:\/\/trifasic.io\/wp-content\/uploads\/2025\/03\/col-legi-enginyers-1024x215.png ,https:\/\/trifasic.io\/wp-content\/uploads\/2025\/03\/col-legi-enginyers.png 780w, https:\/\/trifasic.io\/wp-content\/uploads\/2025\/03\/col-legi-enginyers.png 360w\" sizes=\"auto, (max-width: 480px) 150px\" src=\"https:\/\/trifasic.io\/wp-content\/uploads\/2025\/03\/col-legi-enginyers-1024x215.png\" alt=\"\" class=\"uag-image-819\" width=\"192\" height=\"39\" title=\"col-legi-enginyers\" loading=\"lazy\" role=\"img\"\/><\/figure><\/div>\n\n\n\n<div class=\"wp-block-uagb-image aligncenter uagb-block-ab8a0f64 wp-block-uagb-image--layout-default wp-block-uagb-image--effect-static wp-block-uagb-image--align-center\"><figure class=\"wp-block-uagb-image__figure\"><img decoding=\"async\" srcset=\"https:\/\/trifasic.io\/wp-content\/uploads\/2025\/03\/espai-crater-1024x435.png ,https:\/\/trifasic.io\/wp-content\/uploads\/2025\/03\/espai-crater.png 780w, https:\/\/trifasic.io\/wp-content\/uploads\/2025\/03\/espai-crater.png 360w\" sizes=\"auto, (max-width: 480px) 150px\" src=\"https:\/\/trifasic.io\/wp-content\/uploads\/2025\/03\/espai-crater-1024x435.png\" alt=\"\" class=\"uag-image-824\" width=\"235\" height=\"99\" title=\"espai-crater\" loading=\"lazy\" role=\"img\"\/><\/figure><\/div>\n\n\n\n<div class=\"wp-block-uagb-image aligncenter uagb-block-51814869 wp-block-uagb-image--layout-default wp-block-uagb-image--effect-static wp-block-uagb-image--align-center\"><figure class=\"wp-block-uagb-image__figure\"><img decoding=\"async\" srcset=\"https:\/\/trifasic.io\/wp-content\/uploads\/2025\/03\/ceddd-logo.webp ,https:\/\/trifasic.io\/wp-content\/uploads\/2025\/03\/ceddd-logo.webp 780w, https:\/\/trifasic.io\/wp-content\/uploads\/2025\/03\/ceddd-logo.webp 360w\" sizes=\"auto, (max-width: 480px) 150px\" src=\"https:\/\/trifasic.io\/wp-content\/uploads\/2025\/03\/ceddd-logo.webp\" alt=\"\" class=\"uag-image-826\" width=\"144\" height=\"64\" title=\"ceddd-logo\" loading=\"lazy\" role=\"img\"\/><\/figure><\/div>\n<\/div><\/div>\n<\/div>\n\n\n\n<div class=\"wp-block-group is-layout-constrained wp-block-group-is-layout-constrained\">\n<div class=\"wp-block-columns is-layout-flex wp-container-core-columns-is-layout-28f84493 wp-block-columns-is-layout-flex\">\n<div class=\"wp-block-column is-layout-flow wp-block-column-is-layout-flow\" style=\"flex-basis:100%\">\n<div class=\"wp-block-columns is-layout-flex wp-container-core-columns-is-layout-28f84493 wp-block-columns-is-layout-flex\">\n<div class=\"wp-block-column is-layout-constrained wp-block-column-is-layout-constrained\" style=\"flex-basis:100%\"><\/div>\n<\/div>\n<\/div>\n<\/div>\n<\/div>\n<\/div><\/div>\n\n<div class=\"wp-block-uagb-container uagb-block-425347af alignfull uagb-is-root-container\"><div class=\"uagb-container-inner-blocks-wrap\">\n<div class=\"wp-block-uagb-container uagb-block-def47c4c\">\n<div class=\"wp-block-uagb-info-box uagb-block-445d5e1f uagb-infobox__content-wrap  uagb-infobox-icon-above-title uagb-infobox-image-valign-top\"><div class=\"uagb-ifb-content\"><div class=\"uagb-ifb-title-wrap\"><h2 class=\"uagb-ifb-title\">Qui\u00e9nes somos<\/h2><\/div><\/div><\/div>\n\n\n\n<p>Con m\u00e1s de <strong>20 a\u00f1os<\/strong> de experiencia en comunicaci\u00f3n, combinamos el oficio con una mirada estrat\u00e9gica para posicionar marcas en internet. Nos gusta hacer las cosas a medida, con criterio y con cuidado, porque detr\u00e1s de cada web hay una historia que merece ser bien contada y llegar a quien debe.<\/p>\n\n\n\n<div class=\"wp-block-uagb-buttons uagb-buttons__outer-wrap uagb-btn__default-btn uagb-btn-tablet__default-btn uagb-btn-mobile__default-btn uagb-block-4d6559e7\"><div class=\"uagb-buttons__wrap uagb-buttons-layout-wrap \">\n<div class=\"wp-block-uagb-buttons-child uagb-buttons__outer-wrap uagb-block-70459192 wp-block-button\"><div class=\"uagb-button__wrapper\"><a class=\"uagb-buttons-repeater wp-block-button__link\" aria-label=\"\" href=\"#Quienes somos\" rel=\"follow noopener\" target=\"_self\" role=\"button\"><div class=\"uagb-button__link\">Con\u00f3cenos un poco m\u00e1s<\/div><span class=\"uagb-button__icon uagb-button__icon-position-after\"><svg xmlns=\"https:\/\/www.w3.org\/2000\/svg\" viewbox=\"0 0 448 512\" aria-hidden=\"true\" focussable=\"false\"><path d=\"M438.6 278.6l-160 160C272.4 444.9 264.2 448 256 448s-16.38-3.125-22.62-9.375c-12.5-12.5-12.5-32.75 0-45.25L338.8 288H32C14.33 288 .0016 273.7 .0016 256S14.33 224 32 224h306.8l-105.4-105.4c-12.5-12.5-12.5-32.75 0-45.25s32.75-12.5 45.25 0l160 160C451.1 245.9 451.1 266.1 438.6 278.6z\"><\/path><\/svg><\/span><\/a><\/div><\/div>\n<\/div><\/div>\n<\/div>\n\n\n\n<div class=\"wp-block-uagb-container uagb-block-6eca61ab\">\n<figure class=\"wp-block-image alignright size-full is-resized\" style=\"margin-top:0;margin-right:0;margin-bottom:0;margin-left:0\"><img decoding=\"async\" src=\"https:\/\/trifasic.io\/wp-content\/uploads\/2021\/05\/about.jpg\" alt=\"\" style=\"width:383px;height:auto\"\/><\/figure>\n<\/div>\n<\/div><\/div>\n\n<p><\/p>\n","protected":false},"excerpt":{"rendered":"<p>Estrategia y comunicaci\u00f3n digital \u00bfQuieres que tu negocio gane visibilidad online? En Trif\u00e0sic ayudamos a marcas, empresas y profesionales a impulsar su presencia digital mediante estrategias de marketing y comunicaci\u00f3n a medida. Qu\u00e9 hacemos Impulsamos tu negocio con una estrategia digital hecha para ti Te escuchamos, analizamos y actuamos. Trabajamos para que tu marca conecte, [&hellip;]<\/p>\n","protected":false},"author":2,"featured_media":0,"parent":0,"menu_order":0,"comment_status":"closed","ping_status":"closed","template":"","meta":{"_uag_custom_page_level_css":"","site-sidebar-layout":"no-sidebar","site-content-layout":"page-builder","ast-site-content-layout":"full-width-container","site-content-style":"unboxed","site-sidebar-style":"unboxed","ast-global-header-display":"","ast-banner-title-visibility":"","ast-main-header-display":"","ast-hfb-above-header-display":"","ast-hfb-below-header-display":"","ast-hfb-mobile-header-display":"","site-post-title":"disabled","ast-breadcrumbs-content":"","ast-featured-img":"disabled","footer-sml-layout":"","theme-transparent-header-meta":"enabled","adv-header-id-meta":"","stick-header-meta":"","header-above-stick-meta":"","header-main-stick-meta":"","header-below-stick-meta":"","astra-migrate-meta-layouts":"default","ast-page-background-enabled":"default","ast-page-background-meta":{"desktop":{"background-color":"","background-image":"","background-repeat":"repeat","background-position":"center center","background-size":"auto","background-attachment":"scroll","background-type":"","background-media":"","overlay-type":"","overlay-color":"","overlay-opacity":"","overlay-gradient":""},"tablet":{"background-color":"","background-image":"","background-repeat":"repeat","background-position":"center center","background-size":"auto","background-attachment":"scroll","background-type":"","background-media":"","overlay-type":"","overlay-color":"","overlay-opacity":"","overlay-gradient":""},"mobile":{"background-color":"","background-image":"","background-repeat":"repeat","background-position":"center center","background-size":"auto","background-attachment":"scroll","background-type":"","background-media":"","overlay-type":"","overlay-color":"","overlay-opacity":"","overlay-gradient":""}},"ast-content-background-meta":{"desktop":{"background-color":"var(--ast-global-color-5)","background-image":"","background-repeat":"repeat","background-position":"center center","background-size":"auto","background-attachment":"scroll","background-type":"","background-media":"","overlay-type":"","overlay-color":"","overlay-opacity":"","overlay-gradient":""},"tablet":{"background-color":"var(--ast-global-color-5)","background-image":"","background-repeat":"repeat","background-position":"center center","background-size":"auto","background-attachment":"scroll","background-type":"","background-media":"","overlay-type":"","overlay-color":"","overlay-opacity":"","overlay-gradient":""},"mobile":{"background-color":"var(--ast-global-color-5)","background-image":"","background-repeat":"repeat","background-position":"center center","background-size":"auto","background-attachment":"scroll","background-type":"","background-media":"","overlay-type":"","overlay-color":"","overlay-opacity":"","overlay-gradient":""}},"footnotes":""},"class_list":["post-1260","page","type-page","status-publish","hentry"],"uagb_featured_image_src":{"full":false,"thumbnail":false,"medium":false,"medium_large":false,"large":false,"1536x1536":false,"2048x2048":false},"uagb_author_info":{"display_name":"trifasic","author_link":"https:\/\/trifasic.io\/es\/author\/trifasic\/"},"uagb_comment_info":0,"uagb_excerpt":"Estrategia y comunicaci\u00f3n digital \u00bfQuieres que tu negocio gane visibilidad online? En Trif\u00e0sic ayudamos a marcas, empresas y profesionales a impulsar su presencia digital mediante estrategias de marketing y comunicaci\u00f3n a medida. Qu\u00e9 hacemos Impulsamos tu negocio con una estrategia digital hecha para ti Te escuchamos, analizamos y actuamos. Trabajamos para que tu marca conecte,&hellip;","_links":{"self":[{"href":"https:\/\/trifasic.io\/es\/wp-json\/wp\/v2\/pages\/1260","targetHints":{"allow":["GET"]}}],"collection":[{"href":"https:\/\/trifasic.io\/es\/wp-json\/wp\/v2\/pages"}],"about":[{"href":"https:\/\/trifasic.io\/es\/wp-json\/wp\/v2\/types\/page"}],"author":[{"embeddable":true,"href":"https:\/\/trifasic.io\/es\/wp-json\/wp\/v2\/users\/2"}],"replies":[{"embeddable":true,"href":"https:\/\/trifasic.io\/es\/wp-json\/wp\/v2\/comments?post=1260"}],"version-history":[{"count":61,"href":"https:\/\/trifasic.io\/es\/wp-json\/wp\/v2\/pages\/1260\/revisions"}],"predecessor-version":[{"id":1323,"href":"https:\/\/trifasic.io\/es\/wp-json\/wp\/v2\/pages\/1260\/revisions\/1323"}],"wp:attachment":[{"href":"https:\/\/trifasic.io\/es\/wp-json\/wp\/v2\/media?parent=1260"}],"curies":[{"name":"wp","href":"https:\/\/api.w.org\/{rel}","templated":true}]}}